{"id":21659,"date":"2015-01-09T13:09:26","date_gmt":"2015-01-09T13:09:26","guid":{"rendered":"https:\/\/hausner.at\/mrshausner\/?page_id=21659"},"modified":"2018-02-14T11:45:32","modified_gmt":"2018-02-14T09:45:32","slug":"ueber-mich","status":"publish","type":"page","link":"https:\/\/hausner.at\/mrshausner\/ueber-mich\/","title":{"rendered":"About Mrs. Hausner"},"content":{"rendered":"<p>Ein Blog \u00fcber einen Wiener Malermeisterbetrieb, die Familie Hausner und \u00fcber alle Farben des Farbf\u00e4chers, von Bl\u00fctenwei\u00df bis Taubengrau.<\/p>\n<p><!--more--><\/p>\n<p>Mrs. Hausner, das bin ich seit 10 Jahren. Seit ich denken kann dekoriere, gestalte, organisiere und plane ich. Mr. Hausner engagierte mich und so machte ich meine Leidenschaft zu meinem Beruf.<\/p>\n<p>Farben, Materialen und Formen haben sich im Laufe der Zeit ver\u00e4ndert. Ver\u00e4ndert hat sich auch deren Einsatzgebiet. Trendige Lacke an den W\u00e4nden und elegante Harze am Boden halten Einzug in die trendbewussten Haushalte. Deshalb m\u00f6chte ich Euch hier mit Beispielen aus unserer Unternehmenspraxis, Bildern und Ideen eine neue Sicht der manchmal sehr einfachen Dinge erm\u00f6glichen.<\/p>\n<p><img  decoding=\"async\"  loading=\"lazy\"  class=\"aligncenter size-full wp-image-23733 pk-lqip pk-lazyload\"  src=\"https:\/\/hausner.at\/mrshausner\/wp-content\/uploads\/2018\/02\/Mrs.-Hausner-80x120.jpg\"  alt=\"\"  width=\"1024\"  height=\"1536\"  data-pk-sizes=\"auto\"  data-ls-sizes=\"(max-width: 1024px) 100vw, 1024px\"  data-pk-src=\"https:\/\/hausner.at\/mrshausner\/wp-content\/uploads\/2018\/02\/Mrs.-Hausner.jpg\"  data-pk-srcset=\"https:\/\/hausner.at\/mrshausner\/wp-content\/uploads\/2018\/02\/Mrs.-Hausner.jpg 1024w, https:\/\/hausner.at\/mrshausner\/wp-content\/uploads\/2018\/02\/Mrs.-Hausner-160x240.jpg 160w, https:\/\/hausner.at\/mrshausner\/wp-content\/uploads\/2018\/02\/Mrs.-Hausner-800x1200.jpg 800w, https:\/\/hausner.at\/mrshausner\/wp-content\/uploads\/2018\/02\/Mrs.-Hausner-320x480.jpg 320w, https:\/\/hausner.at\/mrshausner\/wp-content\/uploads\/2018\/02\/Mrs.-Hausner-560x840.jpg 560w, https:\/\/hausner.at\/mrshausner\/wp-content\/uploads\/2018\/02\/Mrs.-Hausner-80x120.jpg 80w, https:\/\/hausner.at\/mrshausner\/wp-content\/uploads\/2018\/02\/Mrs.-Hausner-53x80.jpg 53w, https:\/\/hausner.at\/mrshausner\/wp-content\/uploads\/2018\/02\/Mrs.-Hausner-35x52.jpg 35w, https:\/\/hausner.at\/mrshausner\/wp-content\/uploads\/2018\/02\/Mrs.-Hausner-40x60.jpg 40w, https:\/\/hausner.at\/mrshausner\/wp-content\/uploads\/2018\/02\/Mrs.-Hausner-85x128.jpg 85w, https:\/\/hausner.at\/mrshausner\/wp-content\/uploads\/2018\/02\/Mrs.-Hausner-196x294.jpg 196w, https:\/\/hausner.at\/mrshausner\/wp-content\/uploads\/2018\/02\/Mrs.-Hausner-38x57.jpg 38w, https:\/\/hausner.at\/mrshausner\/wp-content\/uploads\/2018\/02\/Mrs.-Hausner-300x450.jpg 300w, https:\/\/hausner.at\/mrshausner\/wp-content\/uploads\/2018\/02\/Mrs.-Hausner-768x1152.jpg 768w, https:\/\/hausner.at\/mrshausner\/wp-content\/uploads\/2018\/02\/Mrs.-Hausner-720x1080.jpg 720w\" ><\/p>\n<p>Neben unseren beiden Kindern, einem Hund so gro\u00df wie ein Pony, der Liebe zu meinem Pferd geh\u00f6rt die Leidenschaft von Mrs. &amp; Mr. Hausner ganz der Malerei. Das klingt vielleicht langweilig \u2013 ABER begebt euch mit mir auf das Abenteuer \u201eBaustelle\u201c und lasst Euch von meinen Tipps, Anregungen und Erfahrungen inspirieren.<\/p>\n","protected":false},"excerpt":{"rendered":"<p>Ein Blog \u00fcber einen Wiener Malermeisterbetrieb, die Familie Hausner und \u00fcber alle Farben des Farbf\u00e4chers, von Bl\u00fctenwei\u00df bis Taubengrau.<\/p>\n","protected":false},"author":2,"featured_media":23733,"parent":0,"menu_order":0,"comment_status":"closed","ping_status":"open","template":"","meta":[],"better_featured_image":{"id":23733,"alt_text":"","caption":"","description":"","media_type":"image","media_details":{"width":1024,"height":1536,"file":"2018\/02\/Mrs.-Hausner.jpg","sizes":{"thumbnail":{"file":"Mrs.-Hausner-160x240.jpg","width":160,"height":240,"mime-type":"image\/jpeg","placeholder":"data:image\/png;base64,iVBORw0KGgoAAAANSUhEUgAAAKAAAADwAQMAAAC9j\/2ZAAAAA1BMVEUAAP+KeNJXAAAAAXRSTlMAQObYZgAAAAlwSFlzAAAOxAAADsQBlSsOGwAAABxJREFUWMPtwTEBAAAAwqD1T20ND6AAAAAAgBcDE7AAATlNuOYAAAAASUVORK5CYII=","source_url":"https:\/\/hausner.at\/mrshausner\/wp-content\/uploads\/2018\/02\/Mrs.-Hausner-160x240.jpg"},"medium":{"file":"Mrs.-Hausner-800x1200.jpg","width":800,"height":1200,"mime-type":"image\/jpeg","placeholder":"data:image\/png;base64,iVBORw0KGgoAAAANSUhEUgAAAyAAAASwAQMAAAA5f7zmAAAAA1BMVEUAAP+KeNJXAAAAAXRSTlMAQObYZgAAAAlwSFlzAAAOxAAADsQBlSsOGwAAAIxJREFUeNrtwQENAAAAwqD3T20PBxQAAAAAAAAAAAAAAAAAAAAAAAAAAAAAAAAAAAAAAAAAAAAAAAAAAAAAAAAAAAAAAAAAAAAAAAAAAAAAAAAAAAAAAAAAAAAAAAAAAAAAAAAAAAAAAAAAAAAAAAAAAAAAAAAAAAAAAAAAAAAAAAAAAAAAAAAAAAAPBtl\/AAGNyqJ5AAAAAElFTkSuQmCC","source_url":"https:\/\/hausner.at\/mrshausner\/wp-content\/uploads\/2018\/02\/Mrs.-Hausner-800x1200.jpg"},"medium_large":{"file":"Mrs.-Hausner-800x1200.jpg","width":800,"height":1200,"mime-type":"image\/jpeg","placeholder":"data:image\/png;base64,iVBORw0KGgoAAAANSUhEUgAAAyAAAASwAQMAAAA5f7zmAAAAA1BMVEUAAP+KeNJXAAAAAXRSTlMAQObYZgAAAAlwSFlzAAAOxAAADsQBlSsOGwAAAIxJREFUeNrtwQENAAAAwqD3T20PBxQAAAAAAAAAAAAAAAAAAAAAAAAAAAAAAAAAAAAAAAAAAAAAAAAAAAAAAAAAAAAAAAAAAAAAAAAAAAAAAAAAAAAAAAAAAAAAAAAAAAAAAAAAAAAAAAAAAAAAAAAAAAAAAAAAAAAAAAAAAAAAAAAAAAAAAAAAAAAPBtl\/AAGNyqJ5AAAAAElFTkSuQmCC","source_url":"https:\/\/hausner.at\/mrshausner\/wp-content\/uploads\/2018\/02\/Mrs.-Hausner-800x1200.jpg"},"pk-small":{"file":"Mrs.-Hausner-80x80.jpg","width":80,"height":80,"mime-type":"image\/jpeg","placeholder":"data:image\/png;base64,iVBORw0KGgoAAAANSUhEUgAAAFAAAABQAQMAAAC032DuAAAAA1BMVEUAAP+KeNJXAAAAAXRSTlMAQObYZgAAAAlwSFlzAAAOxAAADsQBlSsOGwAAABFJREFUKM9jYBgFo2AU0AsAAANwAAGRWmMdAAAAAElFTkSuQmCC","source_url":"https:\/\/hausner.at\/mrshausner\/wp-content\/uploads\/2018\/02\/Mrs.-Hausner-80x80.jpg"},"pk-thumbnail":{"file":"Mrs.-Hausner-300x225.jpg","width":300,"height":225,"mime-type":"image\/jpeg","placeholder":"data:image\/png;base64,iVBORw0KGgoAAAANSUhEUgAAASwAAADhAQMAAABIshroAAAAA1BMVEUAAP+KeNJXAAAAAXRSTlMAQObYZgAAAAlwSFlzAAAOxAAADsQBlSsOGwAAAB1JREFUaN7twQEBAAAAgJD+r+4ICgAAAAAAAAAAGiJHAAFr3DojAAAAAElFTkSuQmCC","source_url":"https:\/\/hausner.at\/mrshausner\/wp-content\/uploads\/2018\/02\/Mrs.-Hausner-300x225.jpg"},"csco-320":{"file":"Mrs.-Hausner-320x480.jpg","width":320,"height":480,"mime-type":"image\/jpeg","placeholder":"data:image\/png;base64,iVBORw0KGgoAAAANSUhEUgAAAUAAAAHgAQMAAADuQiYHAAAAA1BMVEUAAP+KeNJXAAAAAXRSTlMAQObYZgAAAAlwSFlzAAAOxAAADsQBlSsOGwAAACpJREFUeNrtwTEBAAAAwqD1T20JT6AAAAAAAAAAAAAAAAAAAAAAAAAAPgZM4AAB63qL7wAAAABJRU5ErkJggg==","source_url":"https:\/\/hausner.at\/mrshausner\/wp-content\/uploads\/2018\/02\/Mrs.-Hausner-320x480.jpg"},"csco-320-landscape":{"file":"Mrs.-Hausner-320x240.jpg","width":320,"height":240,"mime-type":"image\/jpeg","placeholder":"data:image\/png;base64,iVBORw0KGgoAAAANSUhEUgAAAUAAAADwAQMAAABL4y8oAAAAA1BMVEUAAP+KeNJXAAAAAXRSTlMAQObYZgAAAAlwSFlzAAAOxAAADsQBlSsOGwAAACBJREFUaN7twYEAAAAAw6D5Ux\/hAlUBAAAAAAAAAADANyZwAAFF2mhIAAAAAElFTkSuQmCC","source_url":"https:\/\/hausner.at\/mrshausner\/wp-content\/uploads\/2018\/02\/Mrs.-Hausner-320x240.jpg"},"csco-320-portrait":{"file":"Mrs.-Hausner-320x427.jpg","width":320,"height":427,"mime-type":"image\/jpeg","placeholder":"data:image\/png;base64,iVBORw0KGgoAAAANSUhEUgAAAUAAAAGrAQMAAACL3dyoAAAAA1BMVEUAAP+KeNJXAAAAAXRSTlMAQObYZgAAAAlwSFlzAAAOxAAADsQBlSsOGwAAACdJREFUeNrtwQENAAAAwqD3T20PBxQAAAAAAAAAAAAAAAAAAAAAcGxEYwABuAtTvgAAAABJRU5ErkJggg==","source_url":"https:\/\/hausner.at\/mrshausner\/wp-content\/uploads\/2018\/02\/Mrs.-Hausner-320x427.jpg"},"csco-320-square":{"file":"Mrs.-Hausner-320x320.jpg","width":320,"height":320,"mime-type":"image\/jpeg","placeholder":"data:image\/png;base64,iVBORw0KGgoAAAANSUhEUgAAAUAAAAFAAQMAAAD3XjfpAAAAA1BMVEUAAP+KeNJXAAAAAXRSTlMAQObYZgAAAAlwSFlzAAAOxAAADsQBlSsOGwAAACNJREFUaN7twQENAAAAwqD3T20PBxQAAAAAAAAAAAAAAAD8GjNAAAG52zFgAAAAAElFTkSuQmCC","source_url":"https:\/\/hausner.at\/mrshausner\/wp-content\/uploads\/2018\/02\/Mrs.-Hausner-320x320.jpg"},"csco-560":{"file":"Mrs.-Hausner-560x840.jpg","width":560,"height":840,"mime-type":"image\/jpeg","placeholder":"data:image\/png;base64,iVBORw0KGgoAAAANSUhEUgAAAjAAAANIAQMAAADjOUc0AAAAA1BMVEUAAP+KeNJXAAAAAXRSTlMAQObYZgAAAAlwSFlzAAAOxAAADsQBlSsOGwAAAFFJREFUeNrtwYEAAAAAw6D5U1\/hAFUBAAAAAAAAAAAAAAAAAAAAAAAAAAAAAAAAAAAAAAAAAAAAAAAAAAAAAAAAAAAAAAAAAAAAAAAAAAAArwHo+AABZN5G3gAAAABJRU5ErkJggg==","source_url":"https:\/\/hausner.at\/mrshausner\/wp-content\/uploads\/2018\/02\/Mrs.-Hausner-560x840.jpg"},"csco-560-landscape":{"file":"Mrs.-Hausner-560x420.jpg","width":560,"height":420,"mime-type":"image\/jpeg","placeholder":"data:image\/png;base64,iVBORw0KGgoAAAANSUhEUgAAAjAAAAGkAQMAAAAVII3kAAAAA1BMVEUAAP+KeNJXAAAAAXRSTlMAQObYZgAAAAlwSFlzAAAOxAAADsQBlSsOGwAAADRJREFUeNrtwTEBAAAAwqD1T20ND6AAAAAAAAAAAAAAAAAAAAAAAAAAAAAAAAAAAAAAgEcDdHwAAREFSyMAAAAASUVORK5CYII=","source_url":"https:\/\/hausner.at\/mrshausner\/wp-content\/uploads\/2018\/02\/Mrs.-Hausner-560x420.jpg"},"csco-560-portrait":{"file":"Mrs.-Hausner-560x747.jpg","width":560,"height":747,"mime-type":"image\/jpeg","placeholder":"data:image\/png;base64,iVBORw0KGgoAAAANSUhEUgAAAjAAAALrAQMAAADaxi\/AAAAAA1BMVEUAAP+KeNJXAAAAAXRSTlMAQObYZgAAAAlwSFlzAAAOxAAADsQBlSsOGwAAAEpJREFUeNrtwTEBAAAAwqD1T20ND6AAAAAAAAAAAAAAAAAAAAAAAAAAAAAAAAAAAAAAAAAAAAAAAAAAAAAAAAAAAAAAAAAAAAC4M88tAAHG1VToAAAAAElFTkSuQmCC","source_url":"https:\/\/hausner.at\/mrshausner\/wp-content\/uploads\/2018\/02\/Mrs.-Hausner-560x747.jpg"},"csco-560-square":{"file":"Mrs.-Hausner-560x560.jpg","width":560,"height":560,"mime-type":"image\/jpeg","placeholder":"data:image\/png;base64,iVBORw0KGgoAAAANSUhEUgAAAjAAAAIwAQMAAACiP8MsAAAAA1BMVEUAAP+KeNJXAAAAAXRSTlMAQObYZgAAAAlwSFlzAAAOxAAADsQBlSsOGwAAAD1JREFUeNrtwYEAAAAAw6D5U5\/gBlUBAAAAAAAAAAAAAAAAAAAAAAAAAAAAAAAAAAAAAAAAAAAAAAAAAMA3m1AAAe1RZAoAAAAASUVORK5CYII=","source_url":"https:\/\/hausner.at\/mrshausner\/wp-content\/uploads\/2018\/02\/Mrs.-Hausner-560x560.jpg"},"csco-90-square":{"file":"Mrs.-Hausner-90x90.jpg","width":90,"height":90,"mime-type":"image\/jpeg","placeholder":"data:image\/png;base64,iVBORw0KGgoAAAANSUhEUgAAAFoAAABaAQMAAAACZtNBAAAAA1BMVEUAAP+KeNJXAAAAAXRSTlMAQObYZgAAAAlwSFlzAAAOxAAADsQBlSsOGwAAABJJREFUOMtjYBgFo2AUjILBAgAEkgABIPibFQAAAABJRU5ErkJggg==","source_url":"https:\/\/hausner.at\/mrshausner\/wp-content\/uploads\/2018\/02\/Mrs.-Hausner-90x90.jpg"},"csco-800":{"file":"Mrs.-Hausner-800x1200.jpg","width":800,"height":1200,"mime-type":"image\/jpeg","placeholder":"data:image\/png;base64,iVBORw0KGgoAAAANSUhEUgAAAyAAAASwAQMAAAA5f7zmAAAAA1BMVEUAAP+KeNJXAAAAAXRSTlMAQObYZgAAAAlwSFlzAAAOxAAADsQBlSsOGwAAAIxJREFUeNrtwQENAAAAwqD3T20PBxQAAAAAAAAAAAAAAAAAAAAAAAAAAAAAAAAAAAAAAAAAAAAAAAAAAAAAAAAAAAAAAAAAAAAAAAAAAAAAAAAAAAAAAAAAAAAAAAAAAAAAAAAAAAAAAAAAAAAAAAAAAAAAAAAAAAAAAAAAAAAAAAAAAAAAAAAAAAAPBtl\/AAGNyqJ5AAAAAElFTkSuQmCC","source_url":"https:\/\/hausner.at\/mrshausner\/wp-content\/uploads\/2018\/02\/Mrs.-Hausner-800x1200.jpg"},"pk-lqip-full":{"file":"Mrs.-Hausner-80x120.jpg","width":80,"height":120,"mime-type":"image\/jpeg","source_url":"https:\/\/hausner.at\/mrshausner\/wp-content\/uploads\/2018\/02\/Mrs.-Hausner-80x120.jpg"},"pk-lqip-1.33-crop":{"file":"Mrs.-Hausner-80x60.jpg","width":80,"height":60,"mime-type":"image\/jpeg","source_url":"https:\/\/hausner.at\/mrshausner\/wp-content\/uploads\/2018\/02\/Mrs.-Hausner-80x60.jpg"},"pk-lqip-1-crop":{"file":"Mrs.-Hausner-80x80.jpg","width":80,"height":80,"mime-type":"image\/jpeg","source_url":"https:\/\/hausner.at\/mrshausner\/wp-content\/uploads\/2018\/02\/Mrs.-Hausner-80x80.jpg"},"pk-lqip-0.75-crop":{"file":"Mrs.-Hausner-80x105.jpg","width":80,"height":105,"mime-type":"image\/jpeg","source_url":"https:\/\/hausner.at\/mrshausner\/wp-content\/uploads\/2018\/02\/Mrs.-Hausner-80x105.jpg"},"pk-lqip-1":{"file":"Mrs.-Hausner-53x80.jpg","width":53,"height":80,"mime-type":"image\/jpeg","source_url":"https:\/\/hausner.at\/mrshausner\/wp-content\/uploads\/2018\/02\/Mrs.-Hausner-53x80.jpg"},"pk-lqip-1.5":{"file":"Mrs.-Hausner-35x53.jpg","width":35,"height":53,"mime-type":"image\/jpeg","source_url":"https:\/\/hausner.at\/mrshausner\/wp-content\/uploads\/2018\/02\/Mrs.-Hausner-35x53.jpg"},"pk-lqip-1.51":{"file":"Mrs.-Hausner-35x52.jpg","width":35,"height":52,"mime-type":"image\/jpeg","source_url":"https:\/\/hausner.at\/mrshausner\/wp-content\/uploads\/2018\/02\/Mrs.-Hausner-35x52.jpg"},"pk-lqip-1.33":{"file":"Mrs.-Hausner-40x60.jpg","width":40,"height":60,"mime-type":"image\/jpeg","source_url":"https:\/\/hausner.at\/mrshausner\/wp-content\/uploads\/2018\/02\/Mrs.-Hausner-40x60.jpg"},"pk-lqip-0.01":{"file":"Mrs.-Hausner-80x120.jpg","width":80,"height":120,"mime-type":"image\/jpeg","source_url":"https:\/\/hausner.at\/mrshausner\/wp-content\/uploads\/2018\/02\/Mrs.-Hausner-80x120.jpg"},"pk-lqip-1.54":{"file":"Mrs.-Hausner-35x52.jpg","width":35,"height":52,"mime-type":"image\/jpeg","source_url":"https:\/\/hausner.at\/mrshausner\/wp-content\/uploads\/2018\/02\/Mrs.-Hausner-35x52.jpg"},"thumbnail-128x128":{"file":"Mrs.-Hausner-85x128.jpg","width":85,"height":128,"mime-type":"image\/jpeg","placeholder":"data:image\/png;base64,iVBORw0KGgoAAAANSUhEUgAAAFUAAACAAQMAAABAyLeFAAAAA1BMVEUAAP+KeNJXAAAAAXRSTlMAQObYZgAAAAlwSFlzAAAOxAAADsQBlSsOGwAAABRJREFUOMtjYBgFo2AUjIJRMBIBAAYAAAFEKOW4AAAAAElFTkSuQmCC","source_url":"https:\/\/hausner.at\/mrshausner\/wp-content\/uploads\/2018\/02\/Mrs.-Hausner-85x128.jpg"},"440-thumb":{"file":"Mrs.-Hausner-196x294.jpg","width":196,"height":294,"mime-type":"image\/jpeg","placeholder":"data:image\/png;base64,iVBORw0KGgoAAAANSUhEUgAAAMQAAAEmAQMAAAAHk60VAAAAA1BMVEUAAP+KeNJXAAAAAXRSTlMAQObYZgAAAAlwSFlzAAAOxAAADsQBlSsOGwAAAB5JREFUWMPtwTEBAAAAwqD1T20ND6AAAAAAAAAAeDcd3AABnFTsKgAAAABJRU5ErkJggg==","source_url":"https:\/\/hausner.at\/mrshausner\/wp-content\/uploads\/2018\/02\/Mrs.-Hausner-196x294.jpg"},"86-thum":{"file":"Mrs.-Hausner-38x57.jpg","width":38,"height":57,"mime-type":"image\/jpeg","placeholder":"data:image\/png;base64,iVBORw0KGgoAAAANSUhEUgAAACYAAAA5AQMAAABgc8ujAAAAA1BMVEUAAP+KeNJXAAAAAXRSTlMAQObYZgAAAAlwSFlzAAAOxAAADsQBlSsOGwAAAA1JREFUGNNjYBgF1AcAAVYAASX71AoAAAAASUVORK5CYII=","source_url":"https:\/\/hausner.at\/mrshausner\/wp-content\/uploads\/2018\/02\/Mrs.-Hausner-38x57.jpg"},"thumbnail_old_440x290":{"file":"Mrs.-Hausner-440x290.jpg","width":440,"height":290,"mime-type":"image\/jpeg","placeholder":"data:image\/png;base64,iVBORw0KGgoAAAANSUhEUgAAAbgAAAEiAQMAAACx+VXVAAAAA1BMVEUAAP+KeNJXAAAAAXRSTlMAQObYZgAAAAlwSFlzAAAOxAAADsQBlSsOGwAAACZJREFUaN7twQEBAAAAgiD\/r25IQAEAAAAAAAAAAAAAAAAAAMCfAT9wAAE244+BAAAAAElFTkSuQmCC","source_url":"https:\/\/hausner.at\/mrshausner\/wp-content\/uploads\/2018\/02\/Mrs.-Hausner-440x290.jpg"},"medium_old_300x450":{"file":"Mrs.-Hausner-300x450.jpg","width":300,"height":450,"mime-type":"image\/jpeg","placeholder":"data:image\/png;base64,iVBORw0KGgoAAAANSUhEUgAAASwAAAHCAQMAAABv\/WbEAAAAA1BMVEUAAP+KeNJXAAAAAXRSTlMAQObYZgAAAAlwSFlzAAAOxAAADsQBlSsOGwAAACdJREFUeNrtwQENAAAAwqD3T+3sARQAAAAAAAAAAAAAAAAAAAAAwA1EjgAB1pWVVwAAAABJRU5ErkJggg==","source_url":"https:\/\/hausner.at\/mrshausner\/wp-content\/uploads\/2018\/02\/Mrs.-Hausner-300x450.jpg"},"medium_large_old_768x1152":{"file":"Mrs.-Hausner-768x1152.jpg","width":768,"height":1152,"mime-type":"image\/jpeg","placeholder":"data:image\/png;base64,iVBORw0KGgoAAAANSUhEUgAAAwAAAASAAQMAAAByWLibAAAAA1BMVEUAAP+KeNJXAAAAAXRSTlMAQObYZgAAAAlwSFlzAAAOxAAADsQBlSsOGwAAAINJREFUeNrtwYEAAAAAw6D5U9\/gBFUBAAAAAAAAAAAAAAAAAAAAAAAAAAAAAAAAAAAAAAAAAAAAAAAAAAAAAAAAAAAAAAAAAAAAAAAAAAAAAAAAAAAAAAAAAAAAAAAAAAAAAAAAAAAAAAAAAAAAAAAAAAAAAAAAAAAAAAAAAAAAAADwDLSPAAF7ey2SAAAAAElFTkSuQmCC","source_url":"https:\/\/hausner.at\/mrshausner\/wp-content\/uploads\/2018\/02\/Mrs.-Hausner-768x1152.jpg"},"lg-hor":{"file":"Mrs.-Hausner-1024x720.jpg","width":1024,"height":720,"mime-type":"image\/jpeg","placeholder":"data:image\/png;base64,iVBORw0KGgoAAAANSUhEUgAABAAAAALQAQMAAAA0PZDVAAAAA1BMVEUAAP+KeNJXAAAAAXRSTlMAQObYZgAAAAlwSFlzAAAOxAAADsQBlSsOGwAAAHBJREFUeNrtwQEBAAAAgiD\/r25IQAEAAAAAAAAAAAAAAAAAAAAAAAAAAAAAAAAAAAAAAAAAAAAAAAAAAAAAAAAAAAAAAAAAAAAAAAAAAAAAAAAAAAAAAAAAAAAAAAAAAAAAAAAAAAAAAAAAAAAAAO8Gat8AASDkTSAAAAAASUVORK5CYII=","source_url":"https:\/\/hausner.at\/mrshausner\/wp-content\/uploads\/2018\/02\/Mrs.-Hausner-1024x720.jpg"},"lg-ver":{"file":"Mrs.-Hausner-960x1280.jpg","width":960,"height":1280,"mime-type":"image\/jpeg","placeholder":"data:image\/png;base64,iVBORw0KGgoAAAANSUhEUgAAA8AAAAUAAQMAAACyIKlWAAAAA1BMVEUAAP+KeNJXAAAAAXRSTlMAQObYZgAAAAlwSFlzAAAOxAAADsQBlSsOGwAAAK1JREFUeNrtwTEBAAAAwqD1T20JT6AAAAAAAAAAAAAAAAAAAAAAAAAAAAAAAAAAAAAAAAAAAAAAAAAAAAAAAAAAAAAAAAAAAAAAAAAAAAAAAAAAAAAAAAAAAAAAAAAAAAAAAAAAAAAAAAAAAAAAAAAAAAAAAAAAAAAAAAAAAAAAAAAAAAAAAAAAAAAAAAAAAAAAAAAAAAAAAAAAAAAAAAAAAAAAAAAAAAAAAAC+Bl0eAAHmfgtMAAAAAElFTkSuQmCC","source_url":"https:\/\/hausner.at\/mrshausner\/wp-content\/uploads\/2018\/02\/Mrs.-Hausner-960x1280.jpg"},"lg-sq":{"file":"Mrs.-Hausner-1024x1280.jpg","width":1024,"height":1280,"mime-type":"image\/jpeg","placeholder":"data:image\/png;base64,iVBORw0KGgoAAAANSUhEUgAABAAAAAUAAQMAAADjpLJ0AAAAA1BMVEUAAP+KeNJXAAAAAXRSTlMAQObYZgAAAAlwSFlzAAAOxAAADsQBlSsOGwAAALZJREFUeNrtwQEBAAAAgiD\/r25IQAEAAAAAAAAAAAAAAAAAAAAAAAAAAAAAAAAAAAAAAAAAAAAAAAAAAAAAAAAAAAAAAAAAAAAAAAAAAAAAAAAAAAAAAAAAAAAAAAAAAAAAAAAAAAAAAAAAAAAAAAAAAAAAAAAAAAAAAAAAAAAAAAAAAAAAAAAAAAAAAAAAAAAAAAAAAAAAAAAAAAAAAAAAAAAAAAAAAAAAAAAAAAAAAAAAAADvBoUeAAHsYtfFAAAAAElFTkSuQmCC","source_url":"https:\/\/hausner.at\/mrshausner\/wp-content\/uploads\/2018\/02\/Mrs.-Hausner-1024x1280.jpg"},"md":{"file":"Mrs.-Hausner-720x1080.jpg","width":720,"height":1080,"mime-type":"image\/jpeg","placeholder":"data:image\/png;base64,iVBORw0KGgoAAAANSUhEUgAAAtAAAAQ4AQMAAAAaXnkKAAAAA1BMVEUAAP+KeNJXAAAAAXRSTlMAQObYZgAAAAlwSFlzAAAOxAAADsQBlSsOGwAAAHVJREFUeNrtwQEBAAAAgiD\/r25IQAEAAAAAAAAAAAAAAAAAAAAAAAAAAAAAAAAAAAAAAAAAAAAAAAAAAAAAAAAAAAAAAAAAAAAAAAAAAAAAAAAAAAAAAAAAAAAAAAAAAAAAAAAAAAAAAAAAAAAAAAAAAAAAfBl\/9wAB1M1CbgAAAABJRU5ErkJggg==","source_url":"https:\/\/hausner.at\/mrshausner\/wp-content\/uploads\/2018\/02\/Mrs.-Hausner-720x1080.jpg"},"md-hor":{"file":"Mrs.-Hausner-720x480.jpg","width":720,"height":480,"mime-type":"image\/jpeg","placeholder":"data:image\/png;base64,iVBORw0KGgoAAAANSUhEUgAAAtAAAAHgAQMAAAC2C8jvAAAAA1BMVEUAAP+KeNJXAAAAAXRSTlMAQObYZgAAAAlwSFlzAAAOxAAADsQBlSsOGwAAAEFJREFUeNrtwTEBAAAAwqD1T20JT6AAAAAAAAAAAAAAAAAAAAAAAAAAAAAAAAAAAAAAAAAAAAAAAAAAAAAAAAB4GqqgAAHqnzlHAAAAAElFTkSuQmCC","source_url":"https:\/\/hausner.at\/mrshausner\/wp-content\/uploads\/2018\/02\/Mrs.-Hausner-720x480.jpg"},"md-ver":{"file":"Mrs.-Hausner-540x720.jpg","width":540,"height":720,"mime-type":"image\/jpeg","placeholder":"data:image\/png;base64,iVBORw0KGgoAAAANSUhEUgAAAhwAAALQAQMAAADhGjvwAAAAA1BMVEUAAP+KeNJXAAAAAXRSTlMAQObYZgAAAAlwSFlzAAAOxAAADsQBlSsOGwAAAEdJREFUeNrtwTEBAAAAwqD1T20ND6AAAAAAAAAAAAAAAAAAAAAAAAAAAAAAAAAAAAAAAAAAAAAAAAAAAAAAAAAAAAAAAAC+DMIQAAHkMBI6AAAAAElFTkSuQmCC","source_url":"https:\/\/hausner.at\/mrshausner\/wp-content\/uploads\/2018\/02\/Mrs.-Hausner-540x720.jpg"},"md-sq":{"file":"Mrs.-Hausner-720x720.jpg","width":720,"height":720,"mime-type":"image\/jpeg","placeholder":"data:image\/png;base64,iVBORw0KGgoAAAANSUhEUgAAAtAAAALQAQMAAACDmdXfAAAAA1BMVEUAAP+KeNJXAAAAAXRSTlMAQObYZgAAAAlwSFlzAAAOxAAADsQBlSsOGwAAAFVJREFUeNrtwQEBAAAAgiD\/r25IQAEAAAAAAAAAAAAAAAAAAAAAAAAAAAAAAAAAAAAAAAAAAAAAAAAAAAAAAAAAAAAAAAAAAAAAAAAAAAAAAAAAAPBo\/\/AAAd0Z+QwAAAAASUVORK5CYII=","source_url":"https:\/\/hausner.at\/mrshausner\/wp-content\/uploads\/2018\/02\/Mrs.-Hausner-720x720.jpg"},"sm-sq":{"file":"Mrs.-Hausner-160x160.jpg","width":160,"height":160,"mime-type":"image\/jpeg","placeholder":"data:image\/png;base64,iVBORw0KGgoAAAANSUhEUgAAAKAAAACgAQMAAACxAfVuAAAAA1BMVEUAAP+KeNJXAAAAAXRSTlMAQObYZgAAAAlwSFlzAAAOxAAADsQBlSsOGwAAABlJREFUSMftwQENAAAAwqD3T+3sARQAAAA3DSAAAVxEEY8AAAAASUVORK5CYII=","source_url":"https:\/\/hausner.at\/mrshausner\/wp-content\/uploads\/2018\/02\/Mrs.-Hausner-160x160.jpg"},"jr_insta_square":{"file":"Mrs.-Hausner-640x640.jpg","width":640,"height":640,"mime-type":"image\/jpeg","placeholder":"data:image\/png;base64,iVBORw0KGgoAAAANSUhEUgAAAoAAAAKAAQMAAAA2A1tgAAAAA1BMVEUAAP+KeNJXAAAAAXRSTlMAQObYZgAAAAlwSFlzAAAOxAAADsQBlSsOGwAAAEhJREFUeNrtwQEBAAAAgiD\/r25IQAEAAAAAAAAAAAAAAAAAAAAAAAAAAAAAAAAAAAAAAAAAAAAAAAAAAAAAAAAAAAAAAAAAfBnKgAABYDzLiAAAAABJRU5ErkJggg==","source_url":"https:\/\/hausner.at\/mrshausner\/wp-content\/uploads\/2018\/02\/Mrs.-Hausner-640x640.jpg"}},"image_meta":{"aperture":"0","credit":"","camera":"","caption":"","created_timestamp":"0","copyright":"","focal_length":"0","iso":"0","shutter_speed":"0","title":"","orientation":"1","keywords":[]},"placeholder":"data:image\/png;base64,iVBORw0KGgoAAAANSUhEUgAABAAAAAYAAQMAAADSTKjpAAAAA1BMVEUAAP+KeNJXAAAAAXRSTlMAQObYZgAAAAlwSFlzAAAOxAAADsQBlSsOGwAAANZJREFUeNrtwQEBAAAAgiD\/r25IQAEAAAAAAAAAAAAAAAAAAAAAAAAAAAAAAAAAAAAAAAAAAAAAAAAAAAAAAAAAAAAAAAAAAAAAAAAAAAAAAAAAAAAAAAAAAAAAAAAAAAAAAAAAAAAAAAAAAAAAAAAAAAAAAAAAAAAAAAAAAAAAAAAAAAAAAAAAAAAAAAAAAAAAAAAAAAAAAAAAAAAAAAAAAAAAAAAAAAAAAAAAAAAAAAAAAAAAAAAAAAAAAAAAAAAAAAAAAAAAAAAAAAAAAAAAAAAAAO8GBi0AAejl0KMAAAAASUVORK5CYII="},"post":21659,"source_url":"https:\/\/hausner.at\/mrshausner\/wp-content\/uploads\/2018\/02\/Mrs.-Hausner.jpg"},"yoast_head":"<!-- This site is optimized with the Yoast SEO plugin v19.10 - https:\/\/yoast.com\/wordpress\/plugins\/seo\/ -->\n<title>About Mrs. Hausner - MRS. HAUSNER<\/title>\n<meta name=\"robots\" content=\"index, follow, max-snippet:-1, max-image-preview:large, max-video-preview:-1\" \/>\n<link rel=\"canonical\" href=\"https:\/\/hausner.at\/mrshausner\/ueber-mich\/\" \/>\n<meta property=\"og:locale\" content=\"de_DE\" \/>\n<meta property=\"og:type\" content=\"article\" \/>\n<meta property=\"og:title\" content=\"About Mrs. Hausner - MRS. HAUSNER\" \/>\n<meta property=\"og:description\" content=\"Ein Blog \u00fcber einen Wiener Malermeisterbetrieb, die Familie Hausner und \u00fcber alle Farben des Farbf\u00e4chers, von Bl\u00fctenwei\u00df bis Taubengrau.\" \/>\n<meta property=\"og:url\" content=\"https:\/\/hausner.at\/mrshausner\/ueber-mich\/\" \/>\n<meta property=\"og:site_name\" content=\"MRS. HAUSNER\" \/>\n<meta property=\"article:publisher\" content=\"http:\/\/facebook.com\/pages\/Mrs-Hausner\/426203324199879\" \/>\n<meta property=\"article:modified_time\" content=\"2018-02-14T09:45:32+00:00\" \/>\n<meta property=\"og:image\" content=\"https:\/\/hausner.at\/mrshausner\/wp-content\/uploads\/2018\/02\/Mrs.-Hausner.jpg\" \/>\n\t<meta property=\"og:image:width\" content=\"1024\" \/>\n\t<meta property=\"og:image:height\" content=\"1536\" \/>\n\t<meta property=\"og:image:type\" content=\"image\/jpeg\" \/>\n<meta name=\"twitter:label1\" content=\"Gesch\u00e4tzte Lesezeit\" \/>\n\t<meta name=\"twitter:data1\" content=\"1\u00a0Minute\" \/>\n<script type=\"application\/ld+json\" class=\"yoast-schema-graph\">{\"@context\":\"https:\/\/schema.org\",\"@graph\":[{\"@type\":\"WebPage\",\"@id\":\"https:\/\/hausner.at\/mrshausner\/ueber-mich\/\",\"url\":\"https:\/\/hausner.at\/mrshausner\/ueber-mich\/\",\"name\":\"About Mrs. Hausner - MRS. HAUSNER\",\"isPartOf\":{\"@id\":\"https:\/\/hausner.at\/mrshausner\/#website\"},\"datePublished\":\"2015-01-09T13:09:26+00:00\",\"dateModified\":\"2018-02-14T09:45:32+00:00\",\"breadcrumb\":{\"@id\":\"https:\/\/hausner.at\/mrshausner\/ueber-mich\/#breadcrumb\"},\"inLanguage\":\"de\",\"potentialAction\":[{\"@type\":\"ReadAction\",\"target\":[\"https:\/\/hausner.at\/mrshausner\/ueber-mich\/\"]}]},{\"@type\":\"BreadcrumbList\",\"@id\":\"https:\/\/hausner.at\/mrshausner\/ueber-mich\/#breadcrumb\",\"itemListElement\":[{\"@type\":\"ListItem\",\"position\":1,\"name\":\"Home\",\"item\":\"https:\/\/hausner.at\/mrshausner\/\"},{\"@type\":\"ListItem\",\"position\":2,\"name\":\"About Mrs. Hausner\"}]},{\"@type\":\"WebSite\",\"@id\":\"https:\/\/hausner.at\/mrshausner\/#website\",\"url\":\"https:\/\/hausner.at\/mrshausner\/\",\"name\":\"MRS. HAUSNER\",\"description\":\"Blog \u00fcber einen Wiener Malermeisterbetrieb\",\"potentialAction\":[{\"@type\":\"SearchAction\",\"target\":{\"@type\":\"EntryPoint\",\"urlTemplate\":\"https:\/\/hausner.at\/mrshausner\/?s={search_term_string}\"},\"query-input\":\"required name=search_term_string\"}],\"inLanguage\":\"de\"}]}<\/script>\n<!-- \/ Yoast SEO plugin. -->","yoast_head_json":{"title":"About Mrs. Hausner - MRS. HAUSNER","robots":{"index":"index","follow":"follow","max-snippet":"max-snippet:-1","max-image-preview":"max-image-preview:large","max-video-preview":"max-video-preview:-1"},"canonical":"https:\/\/hausner.at\/mrshausner\/ueber-mich\/","og_locale":"de_DE","og_type":"article","og_title":"About Mrs. Hausner - MRS. HAUSNER","og_description":"Ein Blog \u00fcber einen Wiener Malermeisterbetrieb, die Familie Hausner und \u00fcber alle Farben des Farbf\u00e4chers, von Bl\u00fctenwei\u00df bis Taubengrau.","og_url":"https:\/\/hausner.at\/mrshausner\/ueber-mich\/","og_site_name":"MRS. HAUSNER","article_publisher":"http:\/\/facebook.com\/pages\/Mrs-Hausner\/426203324199879","article_modified_time":"2018-02-14T09:45:32+00:00","og_image":[{"width":1024,"height":1536,"url":"https:\/\/hausner.at\/mrshausner\/wp-content\/uploads\/2018\/02\/Mrs.-Hausner.jpg","type":"image\/jpeg"}],"twitter_misc":{"Gesch\u00e4tzte Lesezeit":"1\u00a0Minute"},"schema":{"@context":"https:\/\/schema.org","@graph":[{"@type":"WebPage","@id":"https:\/\/hausner.at\/mrshausner\/ueber-mich\/","url":"https:\/\/hausner.at\/mrshausner\/ueber-mich\/","name":"About Mrs. Hausner - MRS. HAUSNER","isPartOf":{"@id":"https:\/\/hausner.at\/mrshausner\/#website"},"datePublished":"2015-01-09T13:09:26+00:00","dateModified":"2018-02-14T09:45:32+00:00","breadcrumb":{"@id":"https:\/\/hausner.at\/mrshausner\/ueber-mich\/#breadcrumb"},"inLanguage":"de","potentialAction":[{"@type":"ReadAction","target":["https:\/\/hausner.at\/mrshausner\/ueber-mich\/"]}]},{"@type":"BreadcrumbList","@id":"https:\/\/hausner.at\/mrshausner\/ueber-mich\/#breadcrumb","itemListElement":[{"@type":"ListItem","position":1,"name":"Home","item":"https:\/\/hausner.at\/mrshausner\/"},{"@type":"ListItem","position":2,"name":"About Mrs. Hausner"}]},{"@type":"WebSite","@id":"https:\/\/hausner.at\/mrshausner\/#website","url":"https:\/\/hausner.at\/mrshausner\/","name":"MRS. HAUSNER","description":"Blog \u00fcber einen Wiener Malermeisterbetrieb","potentialAction":[{"@type":"SearchAction","target":{"@type":"EntryPoint","urlTemplate":"https:\/\/hausner.at\/mrshausner\/?s={search_term_string}"},"query-input":"required name=search_term_string"}],"inLanguage":"de"}]}},"_links":{"self":[{"href":"https:\/\/hausner.at\/mrshausner\/wp-json\/wp\/v2\/pages\/21659"}],"collection":[{"href":"https:\/\/hausner.at\/mrshausner\/wp-json\/wp\/v2\/pages"}],"about":[{"href":"https:\/\/hausner.at\/mrshausner\/wp-json\/wp\/v2\/types\/page"}],"author":[{"embeddable":true,"href":"https:\/\/hausner.at\/mrshausner\/wp-json\/wp\/v2\/users\/2"}],"replies":[{"embeddable":true,"href":"https:\/\/hausner.at\/mrshausner\/wp-json\/wp\/v2\/comments?post=21659"}],"version-history":[{"count":17,"href":"https:\/\/hausner.at\/mrshausner\/wp-json\/wp\/v2\/pages\/21659\/revisions"}],"predecessor-version":[{"id":23734,"href":"https:\/\/hausner.at\/mrshausner\/wp-json\/wp\/v2\/pages\/21659\/revisions\/23734"}],"wp:featuredmedia":[{"embeddable":true,"href":"https:\/\/hausner.at\/mrshausner\/wp-json\/wp\/v2\/media\/23733"}],"wp:attachment":[{"href":"https:\/\/hausner.at\/mrshausner\/wp-json\/wp\/v2\/media?parent=21659"}],"curies":[{"name":"wp","href":"https:\/\/api.w.org\/{rel}","templated":true}]}}