{"id":23436,"date":"2017-10-05T13:14:52","date_gmt":"2017-10-05T11:14:52","guid":{"rendered":"https:\/\/hausner.at\/mrshausner\/?page_id=23436"},"modified":"2020-09-17T19:18:46","modified_gmt":"2020-09-17T17:18:46","slug":"presse","status":"publish","type":"page","link":"https:\/\/hausner.at\/mrshausner\/presse\/","title":{"rendered":"Presse"},"content":{"rendered":"\n\t\t\t<div class=\"pk-row\">\n\t\t\t\t\t\t\t<div class=\"pk-col-md-6\">\n\t\t\t\t<p style=\"text-align: center;\"><a href=\"https:\/\/hausner.at\/mrshausner\/wp-content\/uploads\/2017\/10\/Hausner-Malerbetrieb-CL012016_Interview.pdf\" target=\"_blank\" rel=\"noopener noreferrer\"><img  decoding=\"async\"  loading=\"lazy\"  class=\"wp-image-23500 size-full aligncenter pk-lqip pk-lazyload\"  src=\"https:\/\/hausner.at\/mrshausner\/wp-content\/uploads\/2017\/10\/Woman-Vorschau-small-80x114.jpg\"  alt=\"Color Magazin Mrs. Hausner\"  width=\"500\"  height=\"710\"  data-pk-sizes=\"auto\"  data-pk-src=\"https:\/\/hausner.at\/mrshausner\/wp-content\/uploads\/2017\/10\/color-magazin-hausner-500x710.jpg\" >Color Magazin<\/a><\/p>\t\t\t<\/div>\n\t\t\t\t\t<div class=\"pk-col-md-6\">\n\t\t\t\t<p style=\"text-align: center;\"><a href=\"https:\/\/hausner.at\/mrshausner\/wp-content\/uploads\/2017\/10\/Hausner-Malerbetrieb-wohnen-design-0116.pdf\" target=\"_blank\" rel=\"noopener noreferrer\"><img  decoding=\"async\"  loading=\"lazy\"  class=\"aligncenter size-full wp-image-23471 pk-lqip pk-lazyload\"  src=\"https:\/\/hausner.at\/mrshausner\/wp-content\/uploads\/2017\/10\/wohnen-design-hausner-500x710-80x114.jpg\"  alt=\"\"  width=\"500\"  height=\"710\"  data-pk-sizes=\"auto\"  data-ls-sizes=\"(max-width: 500px) 100vw, 500px\"  data-pk-src=\"https:\/\/hausner.at\/mrshausner\/wp-content\/uploads\/2017\/10\/wohnen-design-hausner-500x710.jpg\"  data-pk-srcset=\"https:\/\/hausner.at\/mrshausner\/wp-content\/uploads\/2017\/10\/wohnen-design-hausner-500x710.jpg 500w, https:\/\/hausner.at\/mrshausner\/wp-content\/uploads\/2017\/10\/wohnen-design-hausner-500x710-169x240.jpg 169w, https:\/\/hausner.at\/mrshausner\/wp-content\/uploads\/2017\/10\/wohnen-design-hausner-500x710-320x454.jpg 320w, https:\/\/hausner.at\/mrshausner\/wp-content\/uploads\/2017\/10\/wohnen-design-hausner-500x710-80x114.jpg 80w, https:\/\/hausner.at\/mrshausner\/wp-content\/uploads\/2017\/10\/wohnen-design-hausner-500x710-56x80.jpg 56w, https:\/\/hausner.at\/mrshausner\/wp-content\/uploads\/2017\/10\/wohnen-design-hausner-500x710-37x52.jpg 37w, https:\/\/hausner.at\/mrshausner\/wp-content\/uploads\/2017\/10\/wohnen-design-hausner-500x710-42x60.jpg 42w, https:\/\/hausner.at\/mrshausner\/wp-content\/uploads\/2017\/10\/wohnen-design-hausner-500x710-300x426.jpg 300w, https:\/\/hausner.at\/mrshausner\/wp-content\/uploads\/2017\/10\/wohnen-design-hausner-500x710-90x128.jpg 90w, https:\/\/hausner.at\/mrshausner\/wp-content\/uploads\/2017\/10\/wohnen-design-hausner-500x710-207x294.jpg 207w, https:\/\/hausner.at\/mrshausner\/wp-content\/uploads\/2017\/10\/wohnen-design-hausner-500x710-40x57.jpg 40w\" >wohnen &amp; design<\/a><\/p>\t\t\t<\/div>\n\t\t\t\t\t<\/div>\n\t\t\n\n\n\n\t\t\t<div class=\"pk-row\">\n\t\t\t\t\t\t\t<div class=\"pk-col-md-6\">\n\t\t\t\t<p style=\"text-align: center;\"><a href=\"https:\/\/hausner.at\/mrshausner\/wp-content\/uploads\/2017\/10\/1701-Woman-Living-Hausner-small.pdf\" target=\"_blank\" rel=\"noopener noreferrer\"><img  decoding=\"async\"  loading=\"lazy\"  class=\"wp-image-23500 size-full aligncenter pk-lqip pk-lazyload\"  src=\"https:\/\/hausner.at\/mrshausner\/wp-content\/uploads\/2017\/10\/Woman-Vorschau-small-80x114.jpg\"  alt=\"Woman Mrs. Hausner\"  width=\"500\"  height=\"710\"  data-pk-sizes=\"auto\"  data-ls-sizes=\"(max-width: 500px) 100vw, 500px\"  data-pk-src=\"https:\/\/hausner.at\/mrshausner\/wp-content\/uploads\/2017\/10\/Woman-Vorschau-small.jpg\"  data-pk-srcset=\"https:\/\/hausner.at\/mrshausner\/wp-content\/uploads\/2017\/10\/Woman-Vorschau-small.jpg 500w, https:\/\/hausner.at\/mrshausner\/wp-content\/uploads\/2017\/10\/Woman-Vorschau-small-169x240.jpg 169w, https:\/\/hausner.at\/mrshausner\/wp-content\/uploads\/2017\/10\/Woman-Vorschau-small-320x454.jpg 320w, https:\/\/hausner.at\/mrshausner\/wp-content\/uploads\/2017\/10\/Woman-Vorschau-small-80x114.jpg 80w, https:\/\/hausner.at\/mrshausner\/wp-content\/uploads\/2017\/10\/Woman-Vorschau-small-56x80.jpg 56w, https:\/\/hausner.at\/mrshausner\/wp-content\/uploads\/2017\/10\/Woman-Vorschau-small-37x52.jpg 37w, https:\/\/hausner.at\/mrshausner\/wp-content\/uploads\/2017\/10\/Woman-Vorschau-small-42x60.jpg 42w, https:\/\/hausner.at\/mrshausner\/wp-content\/uploads\/2017\/10\/Woman-Vorschau-small-300x426.jpg 300w, https:\/\/hausner.at\/mrshausner\/wp-content\/uploads\/2017\/10\/Woman-Vorschau-small-90x128.jpg 90w, https:\/\/hausner.at\/mrshausner\/wp-content\/uploads\/2017\/10\/Woman-Vorschau-small-207x294.jpg 207w, https:\/\/hausner.at\/mrshausner\/wp-content\/uploads\/2017\/10\/Woman-Vorschau-small-40x57.jpg 40w\" >Woman<\/a><\/p>\t\t\t<\/div>\n\t\t\t\t\t<div class=\"pk-col-md-6\">\n\t\t\t\t<p style=\"text-align: center;\"><a href=\"https:\/\/hausner.at\/mrshausner\/wp-content\/uploads\/2020\/09\/woma1825_Living02_Christbaum-Deko-smaller11.pdf\" target=\"_blank\" rel=\"noopener noreferrer\"><img  decoding=\"async\"  loading=\"lazy\"  class=\"wp-image-23500 size-full aligncenter pk-lqip pk-lazyload\"  src=\"https:\/\/hausner.at\/mrshausner\/wp-content\/uploads\/2017\/10\/Woman-Vorschau-small-80x114.jpg\"  alt=\"Woman Mrs. Hausner\"  width=\"500\"  height=\"710\"  data-pk-sizes=\"auto\"  data-pk-src=\"https:\/\/hausner.at\/mrshausner\/wp-content\/uploads\/2019\/05\/IMG_9070-Kopie-Small.jpg\" >Woman<\/a><\/p>\t\t\t<\/div>\n\t\t\t\t\t<\/div>\n\t\t\n\n\n\n<hr class=\"wp-block-separator\"\/>\n\n\n\n<h2 id=\"bloggerkolleginnen-die-ueber-mich-geschrieben-haben\">Bloggerkolleginnen die \u00fcber mich geschrieben haben<\/h2>\n\n\n\n\t\t\t<div class=\"pk-row\">\n\t\t\t\t\t\t\t<div class=\"pk-col-md-6\">\n\t\t\t\t\n<p style=\"text-align: center;\"><a href=\"https:\/\/www.fourmonkeys.com\/blogs\/news\/minimarkt-vienna-getting-creative\"><img  decoding=\"async\"  loading=\"lazy\"  class=\"alignleft wp-image-23401 size-full pk-lqip pk-lazyload\"  src=\"https:\/\/hausner.at\/mrshausner\/wp-content\/uploads\/2015\/01\/hausner-fourmonkeys-80x76.jpg\"  alt=\"\"  width=\"800\"  height=\"758\"  data-pk-sizes=\"auto\"  data-ls-sizes=\"(max-width: 800px) 100vw, 800px\"  data-pk-src=\"https:\/\/hausner.at\/mrshausner\/wp-content\/uploads\/2015\/01\/hausner-fourmonkeys.jpg\"  data-pk-srcset=\"https:\/\/hausner.at\/mrshausner\/wp-content\/uploads\/2015\/01\/hausner-fourmonkeys.jpg 800w, https:\/\/hausner.at\/mrshausner\/wp-content\/uploads\/2015\/01\/hausner-fourmonkeys-253x240.jpg 253w, https:\/\/hausner.at\/mrshausner\/wp-content\/uploads\/2015\/01\/hausner-fourmonkeys-320x303.jpg 320w, https:\/\/hausner.at\/mrshausner\/wp-content\/uploads\/2015\/01\/hausner-fourmonkeys-560x531.jpg 560w, https:\/\/hausner.at\/mrshausner\/wp-content\/uploads\/2015\/01\/hausner-fourmonkeys-80x76.jpg 80w, https:\/\/hausner.at\/mrshausner\/wp-content\/uploads\/2015\/01\/hausner-fourmonkeys-56x53.jpg 56w, https:\/\/hausner.at\/mrshausner\/wp-content\/uploads\/2015\/01\/hausner-fourmonkeys-55x52.jpg 55w, https:\/\/hausner.at\/mrshausner\/wp-content\/uploads\/2015\/01\/hausner-fourmonkeys-63x60.jpg 63w, https:\/\/hausner.at\/mrshausner\/wp-content\/uploads\/2015\/01\/hausner-fourmonkeys-128x121.jpg 128w, https:\/\/hausner.at\/mrshausner\/wp-content\/uploads\/2015\/01\/hausner-fourmonkeys-310x294.jpg 310w, https:\/\/hausner.at\/mrshausner\/wp-content\/uploads\/2015\/01\/hausner-fourmonkeys-60x57.jpg 60w, https:\/\/hausner.at\/mrshausner\/wp-content\/uploads\/2015\/01\/hausner-fourmonkeys-300x284.jpg 300w, https:\/\/hausner.at\/mrshausner\/wp-content\/uploads\/2015\/01\/hausner-fourmonkeys-768x728.jpg 768w, https:\/\/hausner.at\/mrshausner\/wp-content\/uploads\/2015\/01\/hausner-fourmonkeys-720x682.jpg 720w\" ><\/a><a href=\"https:\/\/www.fourmonkeys.com\/blogs\/news\/minimarkt-vienna-getting-creative\">Four Monkeys<\/a><\/p>\n\t\t\t<\/div>\n\t\t\t\t\t<div class=\"pk-col-md-6\">\n\t\t\t\t\n\n<a href=\"http:\/\/mothersfinest.me\/2015\/09\/22\/interview-nicole-antonia-und-nils\/\" target=\"_blank\" rel=\"noopener noreferrer\"><img  decoding=\"async\"  loading=\"lazy\"  class=\"alignleft wp-image-23400 size-full pk-lqip pk-lazyload\"  src=\"https:\/\/hausner.at\/mrshausner\/wp-content\/uploads\/2015\/01\/hausner-mothersfinest-80x76.jpg\"  alt=\"\"  width=\"800\"  height=\"758\"  data-pk-sizes=\"auto\"  data-ls-sizes=\"(max-width: 800px) 100vw, 800px\"  data-pk-src=\"https:\/\/hausner.at\/mrshausner\/wp-content\/uploads\/2015\/01\/hausner-mothersfinest.jpg\"  data-pk-srcset=\"https:\/\/hausner.at\/mrshausner\/wp-content\/uploads\/2015\/01\/hausner-mothersfinest.jpg 800w, https:\/\/hausner.at\/mrshausner\/wp-content\/uploads\/2015\/01\/hausner-mothersfinest-253x240.jpg 253w, https:\/\/hausner.at\/mrshausner\/wp-content\/uploads\/2015\/01\/hausner-mothersfinest-320x303.jpg 320w, https:\/\/hausner.at\/mrshausner\/wp-content\/uploads\/2015\/01\/hausner-mothersfinest-560x531.jpg 560w, https:\/\/hausner.at\/mrshausner\/wp-content\/uploads\/2015\/01\/hausner-mothersfinest-80x76.jpg 80w, https:\/\/hausner.at\/mrshausner\/wp-content\/uploads\/2015\/01\/hausner-mothersfinest-56x53.jpg 56w, https:\/\/hausner.at\/mrshausner\/wp-content\/uploads\/2015\/01\/hausner-mothersfinest-55x52.jpg 55w, https:\/\/hausner.at\/mrshausner\/wp-content\/uploads\/2015\/01\/hausner-mothersfinest-63x60.jpg 63w, https:\/\/hausner.at\/mrshausner\/wp-content\/uploads\/2015\/01\/hausner-mothersfinest-128x121.jpg 128w, https:\/\/hausner.at\/mrshausner\/wp-content\/uploads\/2015\/01\/hausner-mothersfinest-310x294.jpg 310w, https:\/\/hausner.at\/mrshausner\/wp-content\/uploads\/2015\/01\/hausner-mothersfinest-60x57.jpg 60w, https:\/\/hausner.at\/mrshausner\/wp-content\/uploads\/2015\/01\/hausner-mothersfinest-300x284.jpg 300w, https:\/\/hausner.at\/mrshausner\/wp-content\/uploads\/2015\/01\/hausner-mothersfinest-768x728.jpg 768w, https:\/\/hausner.at\/mrshausner\/wp-content\/uploads\/2015\/01\/hausner-mothersfinest-720x682.jpg 720w\" ><\/a><a href=\"http:\/\/mothersfinest.me\/2015\/09\/22\/interview-nicole-antonia-und-nils\/\">Mothersfinest<\/a>\n\n\t\t\t<\/div>\n\t\t\t\t\t<\/div>\n\t\t\n\n\n\n\t\t\t<div class=\"pk-row\">\n\t\t\t\t\t\t\t<div class=\"pk-col-md-6\">\n\t\t\t\t\n<p style=\"text-align: center;\"><a href=\"http:\/\/wienerwohnsinn.at\/2017\/05\/22\/abenteuer-farbe-ein-wohnzimmer-in-gruen-wohnfarbberatung-mrs-hausner-wiener-wohnsinn-interiorblog\"><img  decoding=\"async\"  loading=\"lazy\"  class=\"alignleft wp-image-23442 size-full pk-lqip pk-lazyload\"  src=\"https:\/\/hausner.at\/mrshausner\/wp-content\/uploads\/2017\/10\/blogger-ueber-mich-wienerwohnsinn-80x76.jpg\"  alt=\"\"  width=\"800\"  height=\"758\"  data-pk-sizes=\"auto\"  data-ls-sizes=\"(max-width: 800px) 100vw, 800px\"  data-pk-src=\"https:\/\/hausner.at\/mrshausner\/wp-content\/uploads\/2017\/10\/blogger-ueber-mich-wienerwohnsinn.jpg\"  data-pk-srcset=\"https:\/\/hausner.at\/mrshausner\/wp-content\/uploads\/2017\/10\/blogger-ueber-mich-wienerwohnsinn.jpg 800w, https:\/\/hausner.at\/mrshausner\/wp-content\/uploads\/2017\/10\/blogger-ueber-mich-wienerwohnsinn-253x240.jpg 253w, https:\/\/hausner.at\/mrshausner\/wp-content\/uploads\/2017\/10\/blogger-ueber-mich-wienerwohnsinn-320x303.jpg 320w, https:\/\/hausner.at\/mrshausner\/wp-content\/uploads\/2017\/10\/blogger-ueber-mich-wienerwohnsinn-560x531.jpg 560w, https:\/\/hausner.at\/mrshausner\/wp-content\/uploads\/2017\/10\/blogger-ueber-mich-wienerwohnsinn-80x76.jpg 80w, https:\/\/hausner.at\/mrshausner\/wp-content\/uploads\/2017\/10\/blogger-ueber-mich-wienerwohnsinn-56x53.jpg 56w, https:\/\/hausner.at\/mrshausner\/wp-content\/uploads\/2017\/10\/blogger-ueber-mich-wienerwohnsinn-55x52.jpg 55w, https:\/\/hausner.at\/mrshausner\/wp-content\/uploads\/2017\/10\/blogger-ueber-mich-wienerwohnsinn-63x60.jpg 63w, https:\/\/hausner.at\/mrshausner\/wp-content\/uploads\/2017\/10\/blogger-ueber-mich-wienerwohnsinn-128x121.jpg 128w, https:\/\/hausner.at\/mrshausner\/wp-content\/uploads\/2017\/10\/blogger-ueber-mich-wienerwohnsinn-310x294.jpg 310w, https:\/\/hausner.at\/mrshausner\/wp-content\/uploads\/2017\/10\/blogger-ueber-mich-wienerwohnsinn-60x57.jpg 60w, https:\/\/hausner.at\/mrshausner\/wp-content\/uploads\/2017\/10\/blogger-ueber-mich-wienerwohnsinn-300x284.jpg 300w, https:\/\/hausner.at\/mrshausner\/wp-content\/uploads\/2017\/10\/blogger-ueber-mich-wienerwohnsinn-768x728.jpg 768w, https:\/\/hausner.at\/mrshausner\/wp-content\/uploads\/2017\/10\/blogger-ueber-mich-wienerwohnsinn-720x682.jpg 720w\" ><\/a><a href=\"http:\/\/wienerwohnsinn.at\/2017\/05\/22\/abenteuer-farbe-ein-wohnzimmer-in-gruen-wohnfarbberatung-mrs-hausner-wiener-wohnsinn-interiorblog\">Wiener Wohnsinn<\/a><\/p>\n\t\t\t<\/div>\n\t\t\t\t\t<div class=\"pk-col-md-6\">\n\t\t\t\t\t\t\t<\/div>\n\t\t\t\t\t<\/div>\n\t\t\n\n\n\n<hr class=\"wp-block-separator\"\/>\n\n\n\n<p>Unser Unternehmen und auch Mrs. Hausners Blog findet man \u00f6fter in diversen Print- oder Blogmedien. Um diese Beitr\u00e4ge zu lesen, klicken Sie ganz einfach auf die untenstehenden Bilder und Links. Weiters haben wir hier f\u00fcr Interessierte Medienunterlagen zum Download bereitgestellt.<br>Wir w\u00fcnschen viel Vergn\u00fcgen beim Lesen!<\/p>\n\n\n\n<ul><li><a href=\"https:\/\/hausner.at\/mrshausner\/wp-content\/uploads\/2017\/10\/Mrs-Hausner-Informationen-2017.pdf\" target=\"_blank\" rel=\"noopener noreferrer\">Presse &#8211; Interieurberatung mit Malermeisterbetriebs Know- How &#8211; PDF<\/a><\/li><li><a href=\"https:\/\/hausner.at\/mrshausner\/wp-content\/uploads\/2017\/10\/Interview-Mrs-Hausner-2017.pdf\" target=\"_blank\" rel=\"noopener noreferrer\">Interview &#8211; 12 Fragen und Antworten \u00fcber meine Arbeit &#8211; PDF<\/a><\/li><\/ul>\n","protected":false},"excerpt":{"rendered":"<p>Bloggerkolleginnen die \u00fcber mich geschrieben haben Unser Unternehmen und auch Mrs. Hausners Blog findet man \u00f6fter in diversen Print- oder Blogmedien. Um diese Beitr\u00e4ge zu lesen, klicken Sie ganz einfach&hellip;<\/p>\n","protected":false},"author":2,"featured_media":0,"parent":0,"menu_order":0,"comment_status":"closed","ping_status":"closed","template":"","meta":[],"better_featured_image":null,"yoast_head":"<!-- This site is optimized with the Yoast SEO plugin v19.10 - https:\/\/yoast.com\/wordpress\/plugins\/seo\/ -->\n<title>Presse - MRS. HAUSNER<\/title>\n<meta name=\"description\" content=\"Presseseite des Interior Blogs von Mrs. Hausner. Zahlreiche Fachmedien aber auch Blogger haben schon \u00fcber Mrs. Hausner berichtet.\" \/>\n<meta name=\"robots\" content=\"index, follow, max-snippet:-1, max-image-preview:large, max-video-preview:-1\" \/>\n<link rel=\"canonical\" href=\"https:\/\/hausner.at\/mrshausner\/presse\/\" \/>\n<meta property=\"og:locale\" content=\"de_DE\" \/>\n<meta property=\"og:type\" content=\"article\" \/>\n<meta property=\"og:title\" content=\"Presse - MRS. HAUSNER\" \/>\n<meta property=\"og:description\" content=\"Presseseite des Interior Blogs von Mrs. Hausner. Zahlreiche Fachmedien aber auch Blogger haben schon \u00fcber Mrs. Hausner berichtet.\" \/>\n<meta property=\"og:url\" content=\"https:\/\/hausner.at\/mrshausner\/presse\/\" \/>\n<meta property=\"og:site_name\" content=\"MRS. HAUSNER\" \/>\n<meta property=\"article:publisher\" content=\"http:\/\/facebook.com\/pages\/Mrs-Hausner\/426203324199879\" \/>\n<meta property=\"article:modified_time\" content=\"2020-09-17T17:18:46+00:00\" \/>\n<meta property=\"og:image\" content=\"https:\/\/hausner.at\/mrshausner\/wp-content\/uploads\/2017\/10\/color-magazin-hausner-500x710.jpg\" \/>\n<meta name=\"twitter:label1\" content=\"Gesch\u00e4tzte Lesezeit\" \/>\n\t<meta name=\"twitter:data1\" content=\"1\u00a0Minute\" \/>\n<script type=\"application\/ld+json\" class=\"yoast-schema-graph\">{\"@context\":\"https:\/\/schema.org\",\"@graph\":[{\"@type\":\"WebPage\",\"@id\":\"https:\/\/hausner.at\/mrshausner\/presse\/\",\"url\":\"https:\/\/hausner.at\/mrshausner\/presse\/\",\"name\":\"Presse - MRS. HAUSNER\",\"isPartOf\":{\"@id\":\"https:\/\/hausner.at\/mrshausner\/#website\"},\"datePublished\":\"2017-10-05T11:14:52+00:00\",\"dateModified\":\"2020-09-17T17:18:46+00:00\",\"description\":\"Presseseite des Interior Blogs von Mrs. Hausner. Zahlreiche Fachmedien aber auch Blogger haben schon \u00fcber Mrs. Hausner berichtet.\",\"breadcrumb\":{\"@id\":\"https:\/\/hausner.at\/mrshausner\/presse\/#breadcrumb\"},\"inLanguage\":\"de\",\"potentialAction\":[{\"@type\":\"ReadAction\",\"target\":[\"https:\/\/hausner.at\/mrshausner\/presse\/\"]}]},{\"@type\":\"BreadcrumbList\",\"@id\":\"https:\/\/hausner.at\/mrshausner\/presse\/#breadcrumb\",\"itemListElement\":[{\"@type\":\"ListItem\",\"position\":1,\"name\":\"Home\",\"item\":\"https:\/\/hausner.at\/mrshausner\/\"},{\"@type\":\"ListItem\",\"position\":2,\"name\":\"Presse\"}]},{\"@type\":\"WebSite\",\"@id\":\"https:\/\/hausner.at\/mrshausner\/#website\",\"url\":\"https:\/\/hausner.at\/mrshausner\/\",\"name\":\"MRS. HAUSNER\",\"description\":\"Blog \u00fcber einen Wiener Malermeisterbetrieb\",\"potentialAction\":[{\"@type\":\"SearchAction\",\"target\":{\"@type\":\"EntryPoint\",\"urlTemplate\":\"https:\/\/hausner.at\/mrshausner\/?s={search_term_string}\"},\"query-input\":\"required name=search_term_string\"}],\"inLanguage\":\"de\"}]}<\/script>\n<!-- \/ Yoast SEO plugin. -->","yoast_head_json":{"title":"Presse - MRS. HAUSNER","description":"Presseseite des Interior Blogs von Mrs. Hausner. Zahlreiche Fachmedien aber auch Blogger haben schon \u00fcber Mrs. Hausner berichtet.","robots":{"index":"index","follow":"follow","max-snippet":"max-snippet:-1","max-image-preview":"max-image-preview:large","max-video-preview":"max-video-preview:-1"},"canonical":"https:\/\/hausner.at\/mrshausner\/presse\/","og_locale":"de_DE","og_type":"article","og_title":"Presse - MRS. HAUSNER","og_description":"Presseseite des Interior Blogs von Mrs. Hausner. Zahlreiche Fachmedien aber auch Blogger haben schon \u00fcber Mrs. Hausner berichtet.","og_url":"https:\/\/hausner.at\/mrshausner\/presse\/","og_site_name":"MRS. HAUSNER","article_publisher":"http:\/\/facebook.com\/pages\/Mrs-Hausner\/426203324199879","article_modified_time":"2020-09-17T17:18:46+00:00","og_image":[{"url":"https:\/\/hausner.at\/mrshausner\/wp-content\/uploads\/2017\/10\/color-magazin-hausner-500x710.jpg"}],"twitter_misc":{"Gesch\u00e4tzte Lesezeit":"1\u00a0Minute"},"schema":{"@context":"https:\/\/schema.org","@graph":[{"@type":"WebPage","@id":"https:\/\/hausner.at\/mrshausner\/presse\/","url":"https:\/\/hausner.at\/mrshausner\/presse\/","name":"Presse - MRS. HAUSNER","isPartOf":{"@id":"https:\/\/hausner.at\/mrshausner\/#website"},"datePublished":"2017-10-05T11:14:52+00:00","dateModified":"2020-09-17T17:18:46+00:00","description":"Presseseite des Interior Blogs von Mrs. Hausner. Zahlreiche Fachmedien aber auch Blogger haben schon \u00fcber Mrs. Hausner berichtet.","breadcrumb":{"@id":"https:\/\/hausner.at\/mrshausner\/presse\/#breadcrumb"},"inLanguage":"de","potentialAction":[{"@type":"ReadAction","target":["https:\/\/hausner.at\/mrshausner\/presse\/"]}]},{"@type":"BreadcrumbList","@id":"https:\/\/hausner.at\/mrshausner\/presse\/#breadcrumb","itemListElement":[{"@type":"ListItem","position":1,"name":"Home","item":"https:\/\/hausner.at\/mrshausner\/"},{"@type":"ListItem","position":2,"name":"Presse"}]},{"@type":"WebSite","@id":"https:\/\/hausner.at\/mrshausner\/#website","url":"https:\/\/hausner.at\/mrshausner\/","name":"MRS. HAUSNER","description":"Blog \u00fcber einen Wiener Malermeisterbetrieb","potentialAction":[{"@type":"SearchAction","target":{"@type":"EntryPoint","urlTemplate":"https:\/\/hausner.at\/mrshausner\/?s={search_term_string}"},"query-input":"required name=search_term_string"}],"inLanguage":"de"}]}},"_links":{"self":[{"href":"https:\/\/hausner.at\/mrshausner\/wp-json\/wp\/v2\/pages\/23436"}],"collection":[{"href":"https:\/\/hausner.at\/mrshausner\/wp-json\/wp\/v2\/pages"}],"about":[{"href":"https:\/\/hausner.at\/mrshausner\/wp-json\/wp\/v2\/types\/page"}],"author":[{"embeddable":true,"href":"https:\/\/hausner.at\/mrshausner\/wp-json\/wp\/v2\/users\/2"}],"replies":[{"embeddable":true,"href":"https:\/\/hausner.at\/mrshausner\/wp-json\/wp\/v2\/comments?post=23436"}],"version-history":[{"count":76,"href":"https:\/\/hausner.at\/mrshausner\/wp-json\/wp\/v2\/pages\/23436\/revisions"}],"predecessor-version":[{"id":24030,"href":"https:\/\/hausner.at\/mrshausner\/wp-json\/wp\/v2\/pages\/23436\/revisions\/24030"}],"wp:attachment":[{"href":"https:\/\/hausner.at\/mrshausner\/wp-json\/wp\/v2\/media?parent=23436"}],"curies":[{"name":"wp","href":"https:\/\/api.w.org\/{rel}","templated":true}]}}